{"id":14455,"date":"2023-07-24T11:40:12","date_gmt":"2023-07-24T09:40:12","guid":{"rendered":"https:\/\/www.fattorialeterrazze.it\/?post_type=product&#038;p=14455"},"modified":"2026-02-12T17:49:36","modified_gmt":"2026-02-12T16:49:36","slug":"olio-oliva-tenera-ascolana","status":"publish","type":"product","link":"https:\/\/www.fattorialeterrazze.it\/de\/prodotto\/olio-oliva-tenera-ascolana","title":{"rendered":"Olio di Oliva Tenera Ascolana"},"content":{"rendered":"<p>Cultivar: 100% Ascolana Tenera.<br \/>\nLa cultivar Ascolana Tenera si \u00e8 diffusa negli ultimi anni in tutta la regione Marche ed \u00e8 originaria della provincia di Ascoli Piceno. \u00c8 rinomata sia per la produzione di olive da tavola sia per un olio extravergine di oliva di alta qualit\u00e0. L\u2019olio extravergine di oliva Ascolana Tenera \u00e8 apprezzato per la sua complessit\u00e0 e armonia, rappresentando un\u2019eccellenza del territorio marchigiano.<\/p>\n","protected":false},"excerpt":{"rendered":"<p>OlioEVO Oliva Tenera Ascolana 0,5 l<\/p>\n","protected":false},"featured_media":15481,"template":"","meta":[],"product_brand":[],"product_cat":[73],"product_tag":[],"class_list":{"0":"post-14455","1":"product","2":"type-product","3":"status-publish","4":"has-post-thumbnail","6":"product_cat-olio","8":"first","9":"instock","10":"shipping-taxable","11":"purchasable","12":"product-type-simple"},"yoast_head":"<!-- This site is optimized with the Yoast SEO plugin v25.3 - https:\/\/yoast.com\/wordpress\/plugins\/seo\/ -->\n<title>Olio di Oliva Tenera Ascolana - Fattoria le Terrazze<\/title>\n<meta name=\"description\" content=\"L&#039;olioEVO Moraiolo si presenta al palato con un perfetto equilibrio tra amaro e piccante, l&#039;abbinamento ideale per carni e pesci alla brace.\" \/>\n<meta name=\"robots\" content=\"index, follow, max-snippet:-1, max-image-preview:large, max-video-preview:-1\" \/>\n<link rel=\"canonical\" href=\"https:\/\/www.fattorialeterrazze.it\/prodotto\/olio-oliva-tenera-ascolana\" \/>\n<meta property=\"og:locale\" content=\"de_DE\" \/>\n<meta property=\"og:type\" content=\"article\" \/>\n<meta property=\"og:title\" content=\"Olio di Oliva Tenera Ascolana - Fattoria le Terrazze\" \/>\n<meta property=\"og:description\" content=\"L&#039;olioEVO Moraiolo si presenta al palato con un perfetto equilibrio tra amaro e piccante, l&#039;abbinamento ideale per carni e pesci alla brace.\" \/>\n<meta property=\"og:url\" content=\"https:\/\/www.fattorialeterrazze.it\/prodotto\/olio-oliva-tenera-ascolana\" \/>\n<meta property=\"og:site_name\" content=\"Fattoria le Terrazze\" \/>\n<meta property=\"article:publisher\" content=\"https:\/\/www.facebook.com\/FattoriaLeTerrazze\/\" \/>\n<meta property=\"article:modified_time\" content=\"2026-02-12T16:49:36+00:00\" \/>\n<meta property=\"og:image\" content=\"http:\/\/www.fattorialeterrazze.it\/wp-content\/uploads\/2025\/06\/Vini-e-olio-2025-IMMAGINI-OLIOASCOLANA.png\" \/>\n\t<meta property=\"og:image:width\" content=\"668\" \/>\n\t<meta property=\"og:image:height\" content=\"1110\" \/>\n\t<meta property=\"og:image:type\" content=\"image\/png\" \/>\n<meta name=\"twitter:card\" content=\"summary_large_image\" \/>\n<meta name=\"twitter:label1\" content=\"Gesch\u00e4tzte Lesezeit\" \/>\n\t<meta name=\"twitter:data1\" content=\"1\u00a0Minute\" \/>\n<script type=\"application\/ld+json\" class=\"yoast-schema-graph\">{\"@context\":\"https:\/\/schema.org\",\"@graph\":[{\"@type\":\"WebPage\",\"@id\":\"https:\/\/www.fattorialeterrazze.it\/prodotto\/olio-oliva-tenera-ascolana\",\"url\":\"https:\/\/www.fattorialeterrazze.it\/prodotto\/olio-oliva-tenera-ascolana\",\"name\":\"Olio di Oliva Tenera Ascolana - Fattoria le Terrazze\",\"isPartOf\":{\"@id\":\"https:\/\/www.fattorialeterrazze.it\/#website\"},\"primaryImageOfPage\":{\"@id\":\"https:\/\/www.fattorialeterrazze.it\/prodotto\/olio-oliva-tenera-ascolana#primaryimage\"},\"image\":{\"@id\":\"https:\/\/www.fattorialeterrazze.it\/prodotto\/olio-oliva-tenera-ascolana#primaryimage\"},\"thumbnailUrl\":\"https:\/\/www.fattorialeterrazze.it\/wp-content\/uploads\/2025\/06\/Vini-e-olio-2025-IMMAGINI-OLIOASCOLANA.png\",\"datePublished\":\"2023-07-24T09:40:12+00:00\",\"dateModified\":\"2026-02-12T16:49:36+00:00\",\"description\":\"L'olioEVO Moraiolo si presenta al palato con un perfetto equilibrio tra amaro e piccante, l'abbinamento ideale per carni e pesci alla brace.\",\"breadcrumb\":{\"@id\":\"https:\/\/www.fattorialeterrazze.it\/prodotto\/olio-oliva-tenera-ascolana#breadcrumb\"},\"inLanguage\":\"de\",\"potentialAction\":[{\"@type\":\"ReadAction\",\"target\":[\"https:\/\/www.fattorialeterrazze.it\/prodotto\/olio-oliva-tenera-ascolana\"]}]},{\"@type\":\"ImageObject\",\"inLanguage\":\"de\",\"@id\":\"https:\/\/www.fattorialeterrazze.it\/prodotto\/olio-oliva-tenera-ascolana#primaryimage\",\"url\":\"https:\/\/www.fattorialeterrazze.it\/wp-content\/uploads\/2025\/06\/Vini-e-olio-2025-IMMAGINI-OLIOASCOLANA.png\",\"contentUrl\":\"https:\/\/www.fattorialeterrazze.it\/wp-content\/uploads\/2025\/06\/Vini-e-olio-2025-IMMAGINI-OLIOASCOLANA.png\",\"width\":668,\"height\":1110},{\"@type\":\"BreadcrumbList\",\"@id\":\"https:\/\/www.fattorialeterrazze.it\/prodotto\/olio-oliva-tenera-ascolana#breadcrumb\",\"itemListElement\":[{\"@type\":\"ListItem\",\"position\":1,\"name\":\"Home\",\"item\":\"https:\/\/www.fattorialeterrazze.it\/\"},{\"@type\":\"ListItem\",\"position\":2,\"name\":\"Online Shop\",\"item\":\"https:\/\/www.fattorialeterrazze.it\/shop\"},{\"@type\":\"ListItem\",\"position\":3,\"name\":\"Olio di Oliva Tenera Ascolana\"}]},{\"@type\":\"WebSite\",\"@id\":\"https:\/\/www.fattorialeterrazze.it\/#website\",\"url\":\"https:\/\/www.fattorialeterrazze.it\/\",\"name\":\"Fattoria le Terrazze\",\"description\":\"Dal 1882 sulla Riviera del Conero, produciamo vino e olio in armonia con il nostro territorio.\",\"potentialAction\":[{\"@type\":\"SearchAction\",\"target\":{\"@type\":\"EntryPoint\",\"urlTemplate\":\"https:\/\/www.fattorialeterrazze.it\/?s={search_term_string}\"},\"query-input\":{\"@type\":\"PropertyValueSpecification\",\"valueRequired\":true,\"valueName\":\"search_term_string\"}}],\"inLanguage\":\"de\"}]}<\/script>\n<!-- \/ Yoast SEO plugin. -->","yoast_head_json":{"title":"Olio di Oliva Tenera Ascolana - Fattoria le Terrazze","description":"L'olioEVO Moraiolo si presenta al palato con un perfetto equilibrio tra amaro e piccante, l'abbinamento ideale per carni e pesci alla brace.","robots":{"index":"index","follow":"follow","max-snippet":"max-snippet:-1","max-image-preview":"max-image-preview:large","max-video-preview":"max-video-preview:-1"},"canonical":"https:\/\/www.fattorialeterrazze.it\/prodotto\/olio-oliva-tenera-ascolana","og_locale":"de_DE","og_type":"article","og_title":"Olio di Oliva Tenera Ascolana - Fattoria le Terrazze","og_description":"L'olioEVO Moraiolo si presenta al palato con un perfetto equilibrio tra amaro e piccante, l'abbinamento ideale per carni e pesci alla brace.","og_url":"https:\/\/www.fattorialeterrazze.it\/prodotto\/olio-oliva-tenera-ascolana","og_site_name":"Fattoria le Terrazze","article_publisher":"https:\/\/www.facebook.com\/FattoriaLeTerrazze\/","article_modified_time":"2026-02-12T16:49:36+00:00","og_image":[{"width":668,"height":1110,"url":"http:\/\/www.fattorialeterrazze.it\/wp-content\/uploads\/2025\/06\/Vini-e-olio-2025-IMMAGINI-OLIOASCOLANA.png","type":"image\/png"}],"twitter_card":"summary_large_image","twitter_misc":{"Gesch\u00e4tzte Lesezeit":"1\u00a0Minute"},"schema":{"@context":"https:\/\/schema.org","@graph":[{"@type":"WebPage","@id":"https:\/\/www.fattorialeterrazze.it\/prodotto\/olio-oliva-tenera-ascolana","url":"https:\/\/www.fattorialeterrazze.it\/prodotto\/olio-oliva-tenera-ascolana","name":"Olio di Oliva Tenera Ascolana - Fattoria le Terrazze","isPartOf":{"@id":"https:\/\/www.fattorialeterrazze.it\/#website"},"primaryImageOfPage":{"@id":"https:\/\/www.fattorialeterrazze.it\/prodotto\/olio-oliva-tenera-ascolana#primaryimage"},"image":{"@id":"https:\/\/www.fattorialeterrazze.it\/prodotto\/olio-oliva-tenera-ascolana#primaryimage"},"thumbnailUrl":"https:\/\/www.fattorialeterrazze.it\/wp-content\/uploads\/2025\/06\/Vini-e-olio-2025-IMMAGINI-OLIOASCOLANA.png","datePublished":"2023-07-24T09:40:12+00:00","dateModified":"2026-02-12T16:49:36+00:00","description":"L'olioEVO Moraiolo si presenta al palato con un perfetto equilibrio tra amaro e piccante, l'abbinamento ideale per carni e pesci alla brace.","breadcrumb":{"@id":"https:\/\/www.fattorialeterrazze.it\/prodotto\/olio-oliva-tenera-ascolana#breadcrumb"},"inLanguage":"de","potentialAction":[{"@type":"ReadAction","target":["https:\/\/www.fattorialeterrazze.it\/prodotto\/olio-oliva-tenera-ascolana"]}]},{"@type":"ImageObject","inLanguage":"de","@id":"https:\/\/www.fattorialeterrazze.it\/prodotto\/olio-oliva-tenera-ascolana#primaryimage","url":"https:\/\/www.fattorialeterrazze.it\/wp-content\/uploads\/2025\/06\/Vini-e-olio-2025-IMMAGINI-OLIOASCOLANA.png","contentUrl":"https:\/\/www.fattorialeterrazze.it\/wp-content\/uploads\/2025\/06\/Vini-e-olio-2025-IMMAGINI-OLIOASCOLANA.png","width":668,"height":1110},{"@type":"BreadcrumbList","@id":"https:\/\/www.fattorialeterrazze.it\/prodotto\/olio-oliva-tenera-ascolana#breadcrumb","itemListElement":[{"@type":"ListItem","position":1,"name":"Home","item":"https:\/\/www.fattorialeterrazze.it\/"},{"@type":"ListItem","position":2,"name":"Online Shop","item":"https:\/\/www.fattorialeterrazze.it\/shop"},{"@type":"ListItem","position":3,"name":"Olio di Oliva Tenera Ascolana"}]},{"@type":"WebSite","@id":"https:\/\/www.fattorialeterrazze.it\/#website","url":"https:\/\/www.fattorialeterrazze.it\/","name":"Fattoria le Terrazze","description":"Dal 1882 sulla Riviera del Conero, produciamo vino e olio in armonia con il nostro territorio.","potentialAction":[{"@type":"SearchAction","target":{"@type":"EntryPoint","urlTemplate":"https:\/\/www.fattorialeterrazze.it\/?s={search_term_string}"},"query-input":{"@type":"PropertyValueSpecification","valueRequired":true,"valueName":"search_term_string"}}],"inLanguage":"de"}]}},"_links":{"self":[{"href":"https:\/\/www.fattorialeterrazze.it\/de\/wp-json\/wp\/v2\/product\/14455"}],"collection":[{"href":"https:\/\/www.fattorialeterrazze.it\/de\/wp-json\/wp\/v2\/product"}],"about":[{"href":"https:\/\/www.fattorialeterrazze.it\/de\/wp-json\/wp\/v2\/types\/product"}],"wp:featuredmedia":[{"embeddable":true,"href":"https:\/\/www.fattorialeterrazze.it\/de\/wp-json\/wp\/v2\/media\/15481"}],"wp:attachment":[{"href":"https:\/\/www.fattorialeterrazze.it\/de\/wp-json\/wp\/v2\/media?parent=14455"}],"wp:term":[{"taxonomy":"product_brand","embeddable":true,"href":"https:\/\/www.fattorialeterrazze.it\/de\/wp-json\/wp\/v2\/product_brand?post=14455"},{"taxonomy":"product_cat","embeddable":true,"href":"https:\/\/www.fattorialeterrazze.it\/de\/wp-json\/wp\/v2\/product_cat?post=14455"},{"taxonomy":"product_tag","embeddable":true,"href":"https:\/\/www.fattorialeterrazze.it\/de\/wp-json\/wp\/v2\/product_tag?post=14455"}],"curies":[{"name":"wp","href":"https:\/\/api.w.org\/{rel}","templated":true}]}}