{"id":13987,"date":"2022-06-10T21:25:47","date_gmt":"2022-06-10T19:25:47","guid":{"rendered":"https:\/\/www.fattorialeterrazze.it\/?post_type=product&#038;p=13987"},"modified":"2025-06-18T19:42:32","modified_gmt":"2025-06-18T17:42:32","slug":"olioevo-tenera-ascolana","status":"publish","type":"product","link":"https:\/\/www.fattorialeterrazze.it\/de\/prodotto\/olioevo-tenera-ascolana","title":{"rendered":"OlioEVO Tenera Ascolana"},"content":{"rendered":"<p>Sorte: 100% Ascolana Tenera.<br \/>\nDie Ascolana Tenera Sorte hat sich in den letzten Jahren in der gesamten Region Marken verbreitet und stammt aus der Provinz Ascoli Piceno. Sie ist sowohl f\u00fcr die Produktion von Tafeloliven als auch f\u00fcr hochwertiges Extra Vergine Oliven\u00f6l bekannt. Das Ascolana Tenera Extra Vergine Oliven\u00f6l wird f\u00fcr seine Komplexit\u00e4t und Harmonie gesch\u00e4tzt und stellt eine Exzellenz der Marken-Region dar.<\/p>\n","protected":false},"excerpt":{"rendered":"<p>Grappa 2018<\/p>\n","protected":false},"featured_media":13898,"template":"","meta":[],"product_brand":[],"product_cat":[109],"product_tag":[],"class_list":{"0":"post-13987","1":"product","2":"type-product","3":"status-publish","4":"has-post-thumbnail","6":"product_cat-olivenoel","8":"first","9":"outofstock","10":"shipping-taxable","11":"purchasable","12":"product-type-simple"},"yoast_head":"<!-- This site is optimized with the Yoast SEO plugin v25.3 - https:\/\/yoast.com\/wordpress\/plugins\/seo\/ -->\n<title>OlioEVO Tenera Ascolana - Fattoria le Terrazze<\/title>\n<meta name=\"description\" content=\"Sassi Neri Grappa ist ein Produkt, das den reinen Charakter unserer Montepulciano-Trauben hervorhebt und Ihnen einen einzigartigen Geschmack liefert.\" \/>\n<meta name=\"robots\" content=\"index, follow, max-snippet:-1, max-image-preview:large, max-video-preview:-1\" \/>\n<link rel=\"canonical\" href=\"https:\/\/www.fattorialeterrazze.it\/?post_type=product&p=13986\" \/>\n<meta property=\"og:locale\" content=\"de_DE\" \/>\n<meta property=\"og:type\" content=\"article\" \/>\n<meta property=\"og:title\" content=\"OlioEVO Tenera Ascolana - Fattoria le Terrazze\" \/>\n<meta property=\"og:description\" content=\"Sassi Neri Grappa ist ein Produkt, das den reinen Charakter unserer Montepulciano-Trauben hervorhebt und Ihnen einen einzigartigen Geschmack liefert.\" \/>\n<meta property=\"og:url\" content=\"https:\/\/www.fattorialeterrazze.it\/?post_type=product&amp;p=13986\" \/>\n<meta property=\"og:site_name\" content=\"Fattoria le Terrazze\" \/>\n<meta property=\"article:publisher\" content=\"https:\/\/www.facebook.com\/FattoriaLeTerrazze\/\" \/>\n<meta property=\"article:modified_time\" content=\"2025-06-18T17:42:32+00:00\" \/>\n<meta property=\"og:image\" content=\"https:\/\/www.fattorialeterrazze.it\/wp-content\/uploads\/2021\/01\/FLT-2022-Olio-Moraiolo-668x1110-1.jpg\" \/>\n\t<meta property=\"og:image:width\" content=\"668\" \/>\n\t<meta property=\"og:image:height\" content=\"1110\" \/>\n\t<meta property=\"og:image:type\" content=\"image\/jpeg\" \/>\n<meta name=\"twitter:card\" content=\"summary_large_image\" \/>\n<meta name=\"twitter:label1\" content=\"Gesch\u00e4tzte Lesezeit\" \/>\n\t<meta name=\"twitter:data1\" content=\"1\u00a0Minute\" \/>\n<script type=\"application\/ld+json\" class=\"yoast-schema-graph\">{\"@context\":\"https:\/\/schema.org\",\"@graph\":[{\"@type\":\"WebPage\",\"@id\":\"https:\/\/www.fattorialeterrazze.it\/?post_type=product&p=13986\",\"url\":\"https:\/\/www.fattorialeterrazze.it\/?post_type=product&p=13986\",\"name\":\"OlioEVO Tenera Ascolana - Fattoria le Terrazze\",\"isPartOf\":{\"@id\":\"https:\/\/www.fattorialeterrazze.it\/#website\"},\"primaryImageOfPage\":{\"@id\":\"https:\/\/www.fattorialeterrazze.it\/?post_type=product&p=13986#primaryimage\"},\"image\":{\"@id\":\"https:\/\/www.fattorialeterrazze.it\/?post_type=product&p=13986#primaryimage\"},\"thumbnailUrl\":\"https:\/\/www.fattorialeterrazze.it\/wp-content\/uploads\/2021\/01\/FLT-2022-Olio-Moraiolo-668x1110-1.jpg\",\"datePublished\":\"2022-06-10T19:25:47+00:00\",\"dateModified\":\"2025-06-18T17:42:32+00:00\",\"description\":\"Sassi Neri Grappa ist ein Produkt, das den reinen Charakter unserer Montepulciano-Trauben hervorhebt und Ihnen einen einzigartigen Geschmack liefert.\",\"breadcrumb\":{\"@id\":\"https:\/\/www.fattorialeterrazze.it\/?post_type=product&p=13986#breadcrumb\"},\"inLanguage\":\"de\",\"potentialAction\":[{\"@type\":\"ReadAction\",\"target\":[\"https:\/\/www.fattorialeterrazze.it\/?post_type=product&p=13986\"]}]},{\"@type\":\"ImageObject\",\"inLanguage\":\"de\",\"@id\":\"https:\/\/www.fattorialeterrazze.it\/?post_type=product&p=13986#primaryimage\",\"url\":\"https:\/\/www.fattorialeterrazze.it\/wp-content\/uploads\/2021\/01\/FLT-2022-Olio-Moraiolo-668x1110-1.jpg\",\"contentUrl\":\"https:\/\/www.fattorialeterrazze.it\/wp-content\/uploads\/2021\/01\/FLT-2022-Olio-Moraiolo-668x1110-1.jpg\",\"width\":668,\"height\":1110},{\"@type\":\"BreadcrumbList\",\"@id\":\"https:\/\/www.fattorialeterrazze.it\/?post_type=product&p=13986#breadcrumb\",\"itemListElement\":[{\"@type\":\"ListItem\",\"position\":1,\"name\":\"Home\",\"item\":\"https:\/\/www.fattorialeterrazze.it\/\"},{\"@type\":\"ListItem\",\"position\":2,\"name\":\"Online Shop\",\"item\":\"https:\/\/www.fattorialeterrazze.it\/shop\"},{\"@type\":\"ListItem\",\"position\":3,\"name\":\"OlioEVO Tenera Ascolana\"}]},{\"@type\":\"WebSite\",\"@id\":\"https:\/\/www.fattorialeterrazze.it\/#website\",\"url\":\"https:\/\/www.fattorialeterrazze.it\/\",\"name\":\"Fattoria le Terrazze\",\"description\":\"Dal 1882 sulla Riviera del Conero, produciamo vino e olio in armonia con il nostro territorio.\",\"potentialAction\":[{\"@type\":\"SearchAction\",\"target\":{\"@type\":\"EntryPoint\",\"urlTemplate\":\"https:\/\/www.fattorialeterrazze.it\/?s={search_term_string}\"},\"query-input\":{\"@type\":\"PropertyValueSpecification\",\"valueRequired\":true,\"valueName\":\"search_term_string\"}}],\"inLanguage\":\"de\"}]}<\/script>\n<!-- \/ Yoast SEO plugin. -->","yoast_head_json":{"title":"OlioEVO Tenera Ascolana - Fattoria le Terrazze","description":"Sassi Neri Grappa ist ein Produkt, das den reinen Charakter unserer Montepulciano-Trauben hervorhebt und Ihnen einen einzigartigen Geschmack liefert.","robots":{"index":"index","follow":"follow","max-snippet":"max-snippet:-1","max-image-preview":"max-image-preview:large","max-video-preview":"max-video-preview:-1"},"canonical":"https:\/\/www.fattorialeterrazze.it\/?post_type=product&p=13986","og_locale":"de_DE","og_type":"article","og_title":"OlioEVO Tenera Ascolana - Fattoria le Terrazze","og_description":"Sassi Neri Grappa ist ein Produkt, das den reinen Charakter unserer Montepulciano-Trauben hervorhebt und Ihnen einen einzigartigen Geschmack liefert.","og_url":"https:\/\/www.fattorialeterrazze.it\/?post_type=product&p=13986","og_site_name":"Fattoria le Terrazze","article_publisher":"https:\/\/www.facebook.com\/FattoriaLeTerrazze\/","article_modified_time":"2025-06-18T17:42:32+00:00","og_image":[{"width":668,"height":1110,"url":"https:\/\/www.fattorialeterrazze.it\/wp-content\/uploads\/2021\/01\/FLT-2022-Olio-Moraiolo-668x1110-1.jpg","type":"image\/jpeg"}],"twitter_card":"summary_large_image","twitter_misc":{"Gesch\u00e4tzte Lesezeit":"1\u00a0Minute"},"schema":{"@context":"https:\/\/schema.org","@graph":[{"@type":"WebPage","@id":"https:\/\/www.fattorialeterrazze.it\/?post_type=product&p=13986","url":"https:\/\/www.fattorialeterrazze.it\/?post_type=product&p=13986","name":"OlioEVO Tenera Ascolana - Fattoria le Terrazze","isPartOf":{"@id":"https:\/\/www.fattorialeterrazze.it\/#website"},"primaryImageOfPage":{"@id":"https:\/\/www.fattorialeterrazze.it\/?post_type=product&p=13986#primaryimage"},"image":{"@id":"https:\/\/www.fattorialeterrazze.it\/?post_type=product&p=13986#primaryimage"},"thumbnailUrl":"https:\/\/www.fattorialeterrazze.it\/wp-content\/uploads\/2021\/01\/FLT-2022-Olio-Moraiolo-668x1110-1.jpg","datePublished":"2022-06-10T19:25:47+00:00","dateModified":"2025-06-18T17:42:32+00:00","description":"Sassi Neri Grappa ist ein Produkt, das den reinen Charakter unserer Montepulciano-Trauben hervorhebt und Ihnen einen einzigartigen Geschmack liefert.","breadcrumb":{"@id":"https:\/\/www.fattorialeterrazze.it\/?post_type=product&p=13986#breadcrumb"},"inLanguage":"de","potentialAction":[{"@type":"ReadAction","target":["https:\/\/www.fattorialeterrazze.it\/?post_type=product&p=13986"]}]},{"@type":"ImageObject","inLanguage":"de","@id":"https:\/\/www.fattorialeterrazze.it\/?post_type=product&p=13986#primaryimage","url":"https:\/\/www.fattorialeterrazze.it\/wp-content\/uploads\/2021\/01\/FLT-2022-Olio-Moraiolo-668x1110-1.jpg","contentUrl":"https:\/\/www.fattorialeterrazze.it\/wp-content\/uploads\/2021\/01\/FLT-2022-Olio-Moraiolo-668x1110-1.jpg","width":668,"height":1110},{"@type":"BreadcrumbList","@id":"https:\/\/www.fattorialeterrazze.it\/?post_type=product&p=13986#breadcrumb","itemListElement":[{"@type":"ListItem","position":1,"name":"Home","item":"https:\/\/www.fattorialeterrazze.it\/"},{"@type":"ListItem","position":2,"name":"Online Shop","item":"https:\/\/www.fattorialeterrazze.it\/shop"},{"@type":"ListItem","position":3,"name":"OlioEVO Tenera Ascolana"}]},{"@type":"WebSite","@id":"https:\/\/www.fattorialeterrazze.it\/#website","url":"https:\/\/www.fattorialeterrazze.it\/","name":"Fattoria le Terrazze","description":"Dal 1882 sulla Riviera del Conero, produciamo vino e olio in armonia con il nostro territorio.","potentialAction":[{"@type":"SearchAction","target":{"@type":"EntryPoint","urlTemplate":"https:\/\/www.fattorialeterrazze.it\/?s={search_term_string}"},"query-input":{"@type":"PropertyValueSpecification","valueRequired":true,"valueName":"search_term_string"}}],"inLanguage":"de"}]}},"_links":{"self":[{"href":"https:\/\/www.fattorialeterrazze.it\/de\/wp-json\/wp\/v2\/product\/13987"}],"collection":[{"href":"https:\/\/www.fattorialeterrazze.it\/de\/wp-json\/wp\/v2\/product"}],"about":[{"href":"https:\/\/www.fattorialeterrazze.it\/de\/wp-json\/wp\/v2\/types\/product"}],"wp:featuredmedia":[{"embeddable":true,"href":"https:\/\/www.fattorialeterrazze.it\/de\/wp-json\/wp\/v2\/media\/13898"}],"wp:attachment":[{"href":"https:\/\/www.fattorialeterrazze.it\/de\/wp-json\/wp\/v2\/media?parent=13987"}],"wp:term":[{"taxonomy":"product_brand","embeddable":true,"href":"https:\/\/www.fattorialeterrazze.it\/de\/wp-json\/wp\/v2\/product_brand?post=13987"},{"taxonomy":"product_cat","embeddable":true,"href":"https:\/\/www.fattorialeterrazze.it\/de\/wp-json\/wp\/v2\/product_cat?post=13987"},{"taxonomy":"product_tag","embeddable":true,"href":"https:\/\/www.fattorialeterrazze.it\/de\/wp-json\/wp\/v2\/product_tag?post=13987"}],"curies":[{"name":"wp","href":"https:\/\/api.w.org\/{rel}","templated":true}]}}