{"id":11962,"date":"2021-01-14T11:03:58","date_gmt":"2021-01-14T10:03:58","guid":{"rendered":"https:\/\/www.fattorialeterrazze.it\/?post_type=product&#038;p=11962"},"modified":"2025-06-18T19:39:28","modified_gmt":"2025-06-18T17:39:28","slug":"olio-evo-moraiolo-1","status":"publish","type":"product","link":"https:\/\/www.fattorialeterrazze.it\/de\/prodotto\/olio-evo-moraiolo-1","title":{"rendered":"OlioEVO Moraiolo"},"content":{"rendered":"<p>Sorte: 100% Moraiolo.<br \/>\nDie Moraiolo-Sorte ist eine der repr\u00e4sentativsten Variet\u00e4ten aus Mittelitalien. Sie ist haupts\u00e4chlich in Umbrien und der Toskana verbreitet, mit einer kleineren Pr\u00e4senz in den Marken. Sie ist bekannt f\u00fcr die Herstellung von hochwertigem Extra Vergine Oliven\u00f6l. Das Moraiolo Extra Vergine Oliven\u00f6l wird f\u00fcr seine nutraceutischen Eigenschaften sowie f\u00fcr<br \/>\nseine intensiven olfaktorischen und organoleptischen Merkmale gesch\u00e4tzt und stellt eine Exzellenz im italienischen Oliven\u00f6l-Markt dar.<\/p>\n","protected":false},"excerpt":{"rendered":"<p>OlioEVO Moraiolo\u00a00,25 l<\/p>\n","protected":false},"featured_media":15489,"template":"","meta":[],"product_brand":[],"product_cat":[109],"product_tag":[],"class_list":{"0":"post-11962","1":"product","2":"type-product","3":"status-publish","4":"has-post-thumbnail","6":"product_cat-olivenoel","8":"first","9":"instock","10":"shipping-taxable","11":"purchasable","12":"product-type-simple"},"yoast_head":"<!-- This site is optimized with the Yoast SEO plugin v25.3 - https:\/\/yoast.com\/wordpress\/plugins\/seo\/ -->\n<title>OlioEVO Moraiolo - Fattoria le Terrazze<\/title>\n<meta name=\"description\" content=\"Sassi Neri Grappa ist ein Produkt, das den reinen Charakter unserer Montepulciano-Trauben hervorhebt und Ihnen einen einzigartigen Geschmack liefert.\" \/>\n<meta name=\"robots\" content=\"index, follow, max-snippet:-1, max-image-preview:large, max-video-preview:-1\" \/>\n<link rel=\"canonical\" href=\"https:\/\/www.fattorialeterrazze.it\/prodotto\/olioevo-moraiolo\" \/>\n<meta property=\"og:locale\" content=\"de_DE\" \/>\n<meta property=\"og:type\" content=\"article\" \/>\n<meta property=\"og:title\" content=\"OlioEVO Moraiolo - Fattoria le Terrazze\" \/>\n<meta property=\"og:description\" content=\"Sassi Neri Grappa ist ein Produkt, das den reinen Charakter unserer Montepulciano-Trauben hervorhebt und Ihnen einen einzigartigen Geschmack liefert.\" \/>\n<meta property=\"og:url\" content=\"https:\/\/www.fattorialeterrazze.it\/prodotto\/olioevo-moraiolo\" \/>\n<meta property=\"og:site_name\" content=\"Fattoria le Terrazze\" \/>\n<meta property=\"article:publisher\" content=\"https:\/\/www.facebook.com\/FattoriaLeTerrazze\/\" \/>\n<meta property=\"article:modified_time\" content=\"2025-06-18T17:39:28+00:00\" \/>\n<meta property=\"og:image\" content=\"https:\/\/www.fattorialeterrazze.it\/wp-content\/uploads\/2025\/06\/Vini-e-olio-2025-IMMAGINI-OLIOMORAIOLO.png\" \/>\n\t<meta property=\"og:image:width\" content=\"668\" \/>\n\t<meta property=\"og:image:height\" content=\"1110\" \/>\n\t<meta property=\"og:image:type\" content=\"image\/png\" \/>\n<meta name=\"twitter:card\" content=\"summary_large_image\" \/>\n<meta name=\"twitter:label1\" content=\"Gesch\u00e4tzte Lesezeit\" \/>\n\t<meta name=\"twitter:data1\" content=\"1\u00a0Minute\" \/>\n<script type=\"application\/ld+json\" class=\"yoast-schema-graph\">{\"@context\":\"https:\/\/schema.org\",\"@graph\":[{\"@type\":\"WebPage\",\"@id\":\"https:\/\/www.fattorialeterrazze.it\/prodotto\/olioevo-moraiolo\",\"url\":\"https:\/\/www.fattorialeterrazze.it\/prodotto\/olioevo-moraiolo\",\"name\":\"OlioEVO Moraiolo - Fattoria le Terrazze\",\"isPartOf\":{\"@id\":\"https:\/\/www.fattorialeterrazze.it\/#website\"},\"primaryImageOfPage\":{\"@id\":\"https:\/\/www.fattorialeterrazze.it\/prodotto\/olioevo-moraiolo#primaryimage\"},\"image\":{\"@id\":\"https:\/\/www.fattorialeterrazze.it\/prodotto\/olioevo-moraiolo#primaryimage\"},\"thumbnailUrl\":\"https:\/\/www.fattorialeterrazze.it\/wp-content\/uploads\/2025\/06\/Vini-e-olio-2025-IMMAGINI-OLIOMORAIOLO.png\",\"datePublished\":\"2021-01-14T10:03:58+00:00\",\"dateModified\":\"2025-06-18T17:39:28+00:00\",\"description\":\"Sassi Neri Grappa ist ein Produkt, das den reinen Charakter unserer Montepulciano-Trauben hervorhebt und Ihnen einen einzigartigen Geschmack liefert.\",\"breadcrumb\":{\"@id\":\"https:\/\/www.fattorialeterrazze.it\/prodotto\/olioevo-moraiolo#breadcrumb\"},\"inLanguage\":\"de\",\"potentialAction\":[{\"@type\":\"ReadAction\",\"target\":[\"https:\/\/www.fattorialeterrazze.it\/prodotto\/olioevo-moraiolo\"]}]},{\"@type\":\"ImageObject\",\"inLanguage\":\"de\",\"@id\":\"https:\/\/www.fattorialeterrazze.it\/prodotto\/olioevo-moraiolo#primaryimage\",\"url\":\"https:\/\/www.fattorialeterrazze.it\/wp-content\/uploads\/2025\/06\/Vini-e-olio-2025-IMMAGINI-OLIOMORAIOLO.png\",\"contentUrl\":\"https:\/\/www.fattorialeterrazze.it\/wp-content\/uploads\/2025\/06\/Vini-e-olio-2025-IMMAGINI-OLIOMORAIOLO.png\",\"width\":668,\"height\":1110},{\"@type\":\"BreadcrumbList\",\"@id\":\"https:\/\/www.fattorialeterrazze.it\/prodotto\/olioevo-moraiolo#breadcrumb\",\"itemListElement\":[{\"@type\":\"ListItem\",\"position\":1,\"name\":\"Home\",\"item\":\"https:\/\/www.fattorialeterrazze.it\/\"},{\"@type\":\"ListItem\",\"position\":2,\"name\":\"Online Shop\",\"item\":\"https:\/\/www.fattorialeterrazze.it\/shop\"},{\"@type\":\"ListItem\",\"position\":3,\"name\":\"OlioEVO Moraiolo\"}]},{\"@type\":\"WebSite\",\"@id\":\"https:\/\/www.fattorialeterrazze.it\/#website\",\"url\":\"https:\/\/www.fattorialeterrazze.it\/\",\"name\":\"Fattoria le Terrazze\",\"description\":\"Dal 1882 sulla Riviera del Conero, produciamo vino e olio in armonia con il nostro territorio.\",\"potentialAction\":[{\"@type\":\"SearchAction\",\"target\":{\"@type\":\"EntryPoint\",\"urlTemplate\":\"https:\/\/www.fattorialeterrazze.it\/?s={search_term_string}\"},\"query-input\":{\"@type\":\"PropertyValueSpecification\",\"valueRequired\":true,\"valueName\":\"search_term_string\"}}],\"inLanguage\":\"de\"}]}<\/script>\n<!-- \/ Yoast SEO plugin. -->","yoast_head_json":{"title":"OlioEVO Moraiolo - Fattoria le Terrazze","description":"Sassi Neri Grappa ist ein Produkt, das den reinen Charakter unserer Montepulciano-Trauben hervorhebt und Ihnen einen einzigartigen Geschmack liefert.","robots":{"index":"index","follow":"follow","max-snippet":"max-snippet:-1","max-image-preview":"max-image-preview:large","max-video-preview":"max-video-preview:-1"},"canonical":"https:\/\/www.fattorialeterrazze.it\/prodotto\/olioevo-moraiolo","og_locale":"de_DE","og_type":"article","og_title":"OlioEVO Moraiolo - Fattoria le Terrazze","og_description":"Sassi Neri Grappa ist ein Produkt, das den reinen Charakter unserer Montepulciano-Trauben hervorhebt und Ihnen einen einzigartigen Geschmack liefert.","og_url":"https:\/\/www.fattorialeterrazze.it\/prodotto\/olioevo-moraiolo","og_site_name":"Fattoria le Terrazze","article_publisher":"https:\/\/www.facebook.com\/FattoriaLeTerrazze\/","article_modified_time":"2025-06-18T17:39:28+00:00","og_image":[{"width":668,"height":1110,"url":"https:\/\/www.fattorialeterrazze.it\/wp-content\/uploads\/2025\/06\/Vini-e-olio-2025-IMMAGINI-OLIOMORAIOLO.png","type":"image\/png"}],"twitter_card":"summary_large_image","twitter_misc":{"Gesch\u00e4tzte Lesezeit":"1\u00a0Minute"},"schema":{"@context":"https:\/\/schema.org","@graph":[{"@type":"WebPage","@id":"https:\/\/www.fattorialeterrazze.it\/prodotto\/olioevo-moraiolo","url":"https:\/\/www.fattorialeterrazze.it\/prodotto\/olioevo-moraiolo","name":"OlioEVO Moraiolo - Fattoria le Terrazze","isPartOf":{"@id":"https:\/\/www.fattorialeterrazze.it\/#website"},"primaryImageOfPage":{"@id":"https:\/\/www.fattorialeterrazze.it\/prodotto\/olioevo-moraiolo#primaryimage"},"image":{"@id":"https:\/\/www.fattorialeterrazze.it\/prodotto\/olioevo-moraiolo#primaryimage"},"thumbnailUrl":"https:\/\/www.fattorialeterrazze.it\/wp-content\/uploads\/2025\/06\/Vini-e-olio-2025-IMMAGINI-OLIOMORAIOLO.png","datePublished":"2021-01-14T10:03:58+00:00","dateModified":"2025-06-18T17:39:28+00:00","description":"Sassi Neri Grappa ist ein Produkt, das den reinen Charakter unserer Montepulciano-Trauben hervorhebt und Ihnen einen einzigartigen Geschmack liefert.","breadcrumb":{"@id":"https:\/\/www.fattorialeterrazze.it\/prodotto\/olioevo-moraiolo#breadcrumb"},"inLanguage":"de","potentialAction":[{"@type":"ReadAction","target":["https:\/\/www.fattorialeterrazze.it\/prodotto\/olioevo-moraiolo"]}]},{"@type":"ImageObject","inLanguage":"de","@id":"https:\/\/www.fattorialeterrazze.it\/prodotto\/olioevo-moraiolo#primaryimage","url":"https:\/\/www.fattorialeterrazze.it\/wp-content\/uploads\/2025\/06\/Vini-e-olio-2025-IMMAGINI-OLIOMORAIOLO.png","contentUrl":"https:\/\/www.fattorialeterrazze.it\/wp-content\/uploads\/2025\/06\/Vini-e-olio-2025-IMMAGINI-OLIOMORAIOLO.png","width":668,"height":1110},{"@type":"BreadcrumbList","@id":"https:\/\/www.fattorialeterrazze.it\/prodotto\/olioevo-moraiolo#breadcrumb","itemListElement":[{"@type":"ListItem","position":1,"name":"Home","item":"https:\/\/www.fattorialeterrazze.it\/"},{"@type":"ListItem","position":2,"name":"Online Shop","item":"https:\/\/www.fattorialeterrazze.it\/shop"},{"@type":"ListItem","position":3,"name":"OlioEVO Moraiolo"}]},{"@type":"WebSite","@id":"https:\/\/www.fattorialeterrazze.it\/#website","url":"https:\/\/www.fattorialeterrazze.it\/","name":"Fattoria le Terrazze","description":"Dal 1882 sulla Riviera del Conero, produciamo vino e olio in armonia con il nostro territorio.","potentialAction":[{"@type":"SearchAction","target":{"@type":"EntryPoint","urlTemplate":"https:\/\/www.fattorialeterrazze.it\/?s={search_term_string}"},"query-input":{"@type":"PropertyValueSpecification","valueRequired":true,"valueName":"search_term_string"}}],"inLanguage":"de"}]}},"_links":{"self":[{"href":"https:\/\/www.fattorialeterrazze.it\/de\/wp-json\/wp\/v2\/product\/11962"}],"collection":[{"href":"https:\/\/www.fattorialeterrazze.it\/de\/wp-json\/wp\/v2\/product"}],"about":[{"href":"https:\/\/www.fattorialeterrazze.it\/de\/wp-json\/wp\/v2\/types\/product"}],"wp:featuredmedia":[{"embeddable":true,"href":"https:\/\/www.fattorialeterrazze.it\/de\/wp-json\/wp\/v2\/media\/15489"}],"wp:attachment":[{"href":"https:\/\/www.fattorialeterrazze.it\/de\/wp-json\/wp\/v2\/media?parent=11962"}],"wp:term":[{"taxonomy":"product_brand","embeddable":true,"href":"https:\/\/www.fattorialeterrazze.it\/de\/wp-json\/wp\/v2\/product_brand?post=11962"},{"taxonomy":"product_cat","embeddable":true,"href":"https:\/\/www.fattorialeterrazze.it\/de\/wp-json\/wp\/v2\/product_cat?post=11962"},{"taxonomy":"product_tag","embeddable":true,"href":"https:\/\/www.fattorialeterrazze.it\/de\/wp-json\/wp\/v2\/product_tag?post=11962"}],"curies":[{"name":"wp","href":"https:\/\/api.w.org\/{rel}","templated":true}]}}