{"id":11423,"date":"2020-11-20T09:44:27","date_gmt":"2020-12-21T09:30:09","guid":{"rendered":"https:\/\/www.fattorialeterrazze.it\/prodotto\/visions-of-j\/"},"modified":"2025-06-18T19:28:45","modified_gmt":"2025-06-18T17:28:45","slug":"visions-of-j","status":"publish","type":"product","link":"https:\/\/www.fattorialeterrazze.it\/de\/prodotto\/visions-of-j","title":{"rendered":"Visions Of J"},"content":{"rendered":"<p>Ein Wein, der nur in au\u00dfergew\u00f6hnlichen Jahrg\u00e4ngen produziert wird \u2013 ein st\u00e4ndiges Streben nach Exzellenz und Reinheit der Frucht. Der Name stammt von einem Song von Bob Dylan, dem Lieblingsk\u00fcnstler von Antonio Terni, dem Inhaber des Weinguts. Die Trauben werden sorgf\u00e4ltig aus den besten Parzellen des Weinguts ausgew\u00e4hlt. Die Fermentation erfolgt bei 28\u00b0C mit selektierten Hefen, die Maischestandzeit betr\u00e4gt 7 bis 10 Tage. Anschlie\u00dfend reift der Wein 12 Monate in Barriques erster und zweiter Belegung. Nach der Assemblage<br \/>\nruht er f\u00fcr weitere 9 Monate in Edelstahltanks und wird nach etwa 3 Jahren Flaschenreife auf den Markt gebracht.<\/p>\n","protected":false},"excerpt":{"rendered":"<p>Conero Riserva DOCG 2015<\/p>\n","protected":false},"featured_media":15463,"template":"","meta":[],"product_brand":[],"product_cat":[92],"product_tag":[],"class_list":{"0":"post-11423","1":"product","2":"type-product","3":"status-publish","4":"has-post-thumbnail","6":"product_cat-rotweine","8":"first","9":"outofstock","10":"shipping-taxable","11":"purchasable","12":"product-type-simple"},"yoast_head":"<!-- This site is optimized with the Yoast SEO plugin v25.3 - https:\/\/yoast.com\/wordpress\/plugins\/seo\/ -->\n<title>Visions Of J - Fattoria le Terrazze<\/title>\n<meta name=\"description\" content=\"Der edle Wein Visions of J verdankt seinen Namen einem Song des ber\u00fchmten K\u00fcnstlers Bob Dylan und ist das Produkt von sorgf\u00e4ltig ausgew\u00e4hlten Trauben.\" \/>\n<meta name=\"robots\" content=\"index, follow, max-snippet:-1, max-image-preview:large, max-video-preview:-1\" \/>\n<link rel=\"canonical\" href=\"https:\/\/www.fattorialeterrazze.it\/prodotto\/visions-of-j\" \/>\n<meta property=\"og:locale\" content=\"de_DE\" \/>\n<meta property=\"og:type\" content=\"article\" \/>\n<meta property=\"og:title\" content=\"Visions Of J - Fattoria le Terrazze\" \/>\n<meta property=\"og:description\" content=\"Der edle Wein Visions of J verdankt seinen Namen einem Song des ber\u00fchmten K\u00fcnstlers Bob Dylan und ist das Produkt von sorgf\u00e4ltig ausgew\u00e4hlten Trauben.\" \/>\n<meta property=\"og:url\" content=\"https:\/\/www.fattorialeterrazze.it\/prodotto\/visions-of-j\" \/>\n<meta property=\"og:site_name\" content=\"Fattoria le Terrazze\" \/>\n<meta property=\"article:publisher\" content=\"https:\/\/www.facebook.com\/FattoriaLeTerrazze\/\" \/>\n<meta property=\"article:modified_time\" content=\"2025-06-18T17:28:45+00:00\" \/>\n<meta property=\"og:image\" content=\"https:\/\/www.fattorialeterrazze.it\/wp-content\/uploads\/2025\/06\/Vini-e-olio-2025-IMMAGINI-VJ.png\" \/>\n\t<meta property=\"og:image:width\" content=\"668\" \/>\n\t<meta property=\"og:image:height\" content=\"1110\" \/>\n\t<meta property=\"og:image:type\" content=\"image\/png\" \/>\n<meta name=\"twitter:card\" content=\"summary_large_image\" \/>\n<meta name=\"twitter:label1\" content=\"Gesch\u00e4tzte Lesezeit\" \/>\n\t<meta name=\"twitter:data1\" content=\"1\u00a0Minute\" \/>\n<script type=\"application\/ld+json\" class=\"yoast-schema-graph\">{\"@context\":\"https:\/\/schema.org\",\"@graph\":[{\"@type\":\"WebPage\",\"@id\":\"https:\/\/www.fattorialeterrazze.it\/prodotto\/visions-of-j\",\"url\":\"https:\/\/www.fattorialeterrazze.it\/prodotto\/visions-of-j\",\"name\":\"Visions Of J - Fattoria le Terrazze\",\"isPartOf\":{\"@id\":\"https:\/\/www.fattorialeterrazze.it\/#website\"},\"primaryImageOfPage\":{\"@id\":\"https:\/\/www.fattorialeterrazze.it\/prodotto\/visions-of-j#primaryimage\"},\"image\":{\"@id\":\"https:\/\/www.fattorialeterrazze.it\/prodotto\/visions-of-j#primaryimage\"},\"thumbnailUrl\":\"https:\/\/www.fattorialeterrazze.it\/wp-content\/uploads\/2025\/06\/Vini-e-olio-2025-IMMAGINI-VJ.png\",\"datePublished\":\"2020-12-21T09:30:09+00:00\",\"dateModified\":\"2025-06-18T17:28:45+00:00\",\"description\":\"Der edle Wein Visions of J verdankt seinen Namen einem Song des ber\u00fchmten K\u00fcnstlers Bob Dylan und ist das Produkt von sorgf\u00e4ltig ausgew\u00e4hlten Trauben.\",\"breadcrumb\":{\"@id\":\"https:\/\/www.fattorialeterrazze.it\/prodotto\/visions-of-j#breadcrumb\"},\"inLanguage\":\"de\",\"potentialAction\":[{\"@type\":\"ReadAction\",\"target\":[\"https:\/\/www.fattorialeterrazze.it\/prodotto\/visions-of-j\"]}]},{\"@type\":\"ImageObject\",\"inLanguage\":\"de\",\"@id\":\"https:\/\/www.fattorialeterrazze.it\/prodotto\/visions-of-j#primaryimage\",\"url\":\"https:\/\/www.fattorialeterrazze.it\/wp-content\/uploads\/2025\/06\/Vini-e-olio-2025-IMMAGINI-VJ.png\",\"contentUrl\":\"https:\/\/www.fattorialeterrazze.it\/wp-content\/uploads\/2025\/06\/Vini-e-olio-2025-IMMAGINI-VJ.png\",\"width\":668,\"height\":1110},{\"@type\":\"BreadcrumbList\",\"@id\":\"https:\/\/www.fattorialeterrazze.it\/prodotto\/visions-of-j#breadcrumb\",\"itemListElement\":[{\"@type\":\"ListItem\",\"position\":1,\"name\":\"Home\",\"item\":\"https:\/\/www.fattorialeterrazze.it\/\"},{\"@type\":\"ListItem\",\"position\":2,\"name\":\"Online Shop\",\"item\":\"https:\/\/www.fattorialeterrazze.it\/shop\"},{\"@type\":\"ListItem\",\"position\":3,\"name\":\"Visions Of J\"}]},{\"@type\":\"WebSite\",\"@id\":\"https:\/\/www.fattorialeterrazze.it\/#website\",\"url\":\"https:\/\/www.fattorialeterrazze.it\/\",\"name\":\"Fattoria le Terrazze\",\"description\":\"Dal 1882 sulla Riviera del Conero, produciamo vino e olio in armonia con il nostro territorio.\",\"potentialAction\":[{\"@type\":\"SearchAction\",\"target\":{\"@type\":\"EntryPoint\",\"urlTemplate\":\"https:\/\/www.fattorialeterrazze.it\/?s={search_term_string}\"},\"query-input\":{\"@type\":\"PropertyValueSpecification\",\"valueRequired\":true,\"valueName\":\"search_term_string\"}}],\"inLanguage\":\"de\"}]}<\/script>\n<!-- \/ Yoast SEO plugin. -->","yoast_head_json":{"title":"Visions Of J - Fattoria le Terrazze","description":"Der edle Wein Visions of J verdankt seinen Namen einem Song des ber\u00fchmten K\u00fcnstlers Bob Dylan und ist das Produkt von sorgf\u00e4ltig ausgew\u00e4hlten Trauben.","robots":{"index":"index","follow":"follow","max-snippet":"max-snippet:-1","max-image-preview":"max-image-preview:large","max-video-preview":"max-video-preview:-1"},"canonical":"https:\/\/www.fattorialeterrazze.it\/prodotto\/visions-of-j","og_locale":"de_DE","og_type":"article","og_title":"Visions Of J - Fattoria le Terrazze","og_description":"Der edle Wein Visions of J verdankt seinen Namen einem Song des ber\u00fchmten K\u00fcnstlers Bob Dylan und ist das Produkt von sorgf\u00e4ltig ausgew\u00e4hlten Trauben.","og_url":"https:\/\/www.fattorialeterrazze.it\/prodotto\/visions-of-j","og_site_name":"Fattoria le Terrazze","article_publisher":"https:\/\/www.facebook.com\/FattoriaLeTerrazze\/","article_modified_time":"2025-06-18T17:28:45+00:00","og_image":[{"width":668,"height":1110,"url":"https:\/\/www.fattorialeterrazze.it\/wp-content\/uploads\/2025\/06\/Vini-e-olio-2025-IMMAGINI-VJ.png","type":"image\/png"}],"twitter_card":"summary_large_image","twitter_misc":{"Gesch\u00e4tzte Lesezeit":"1\u00a0Minute"},"schema":{"@context":"https:\/\/schema.org","@graph":[{"@type":"WebPage","@id":"https:\/\/www.fattorialeterrazze.it\/prodotto\/visions-of-j","url":"https:\/\/www.fattorialeterrazze.it\/prodotto\/visions-of-j","name":"Visions Of J - Fattoria le Terrazze","isPartOf":{"@id":"https:\/\/www.fattorialeterrazze.it\/#website"},"primaryImageOfPage":{"@id":"https:\/\/www.fattorialeterrazze.it\/prodotto\/visions-of-j#primaryimage"},"image":{"@id":"https:\/\/www.fattorialeterrazze.it\/prodotto\/visions-of-j#primaryimage"},"thumbnailUrl":"https:\/\/www.fattorialeterrazze.it\/wp-content\/uploads\/2025\/06\/Vini-e-olio-2025-IMMAGINI-VJ.png","datePublished":"2020-12-21T09:30:09+00:00","dateModified":"2025-06-18T17:28:45+00:00","description":"Der edle Wein Visions of J verdankt seinen Namen einem Song des ber\u00fchmten K\u00fcnstlers Bob Dylan und ist das Produkt von sorgf\u00e4ltig ausgew\u00e4hlten Trauben.","breadcrumb":{"@id":"https:\/\/www.fattorialeterrazze.it\/prodotto\/visions-of-j#breadcrumb"},"inLanguage":"de","potentialAction":[{"@type":"ReadAction","target":["https:\/\/www.fattorialeterrazze.it\/prodotto\/visions-of-j"]}]},{"@type":"ImageObject","inLanguage":"de","@id":"https:\/\/www.fattorialeterrazze.it\/prodotto\/visions-of-j#primaryimage","url":"https:\/\/www.fattorialeterrazze.it\/wp-content\/uploads\/2025\/06\/Vini-e-olio-2025-IMMAGINI-VJ.png","contentUrl":"https:\/\/www.fattorialeterrazze.it\/wp-content\/uploads\/2025\/06\/Vini-e-olio-2025-IMMAGINI-VJ.png","width":668,"height":1110},{"@type":"BreadcrumbList","@id":"https:\/\/www.fattorialeterrazze.it\/prodotto\/visions-of-j#breadcrumb","itemListElement":[{"@type":"ListItem","position":1,"name":"Home","item":"https:\/\/www.fattorialeterrazze.it\/"},{"@type":"ListItem","position":2,"name":"Online Shop","item":"https:\/\/www.fattorialeterrazze.it\/shop"},{"@type":"ListItem","position":3,"name":"Visions Of J"}]},{"@type":"WebSite","@id":"https:\/\/www.fattorialeterrazze.it\/#website","url":"https:\/\/www.fattorialeterrazze.it\/","name":"Fattoria le Terrazze","description":"Dal 1882 sulla Riviera del Conero, produciamo vino e olio in armonia con il nostro territorio.","potentialAction":[{"@type":"SearchAction","target":{"@type":"EntryPoint","urlTemplate":"https:\/\/www.fattorialeterrazze.it\/?s={search_term_string}"},"query-input":{"@type":"PropertyValueSpecification","valueRequired":true,"valueName":"search_term_string"}}],"inLanguage":"de"}]}},"_links":{"self":[{"href":"https:\/\/www.fattorialeterrazze.it\/de\/wp-json\/wp\/v2\/product\/11423"}],"collection":[{"href":"https:\/\/www.fattorialeterrazze.it\/de\/wp-json\/wp\/v2\/product"}],"about":[{"href":"https:\/\/www.fattorialeterrazze.it\/de\/wp-json\/wp\/v2\/types\/product"}],"wp:featuredmedia":[{"embeddable":true,"href":"https:\/\/www.fattorialeterrazze.it\/de\/wp-json\/wp\/v2\/media\/15463"}],"wp:attachment":[{"href":"https:\/\/www.fattorialeterrazze.it\/de\/wp-json\/wp\/v2\/media?parent=11423"}],"wp:term":[{"taxonomy":"product_brand","embeddable":true,"href":"https:\/\/www.fattorialeterrazze.it\/de\/wp-json\/wp\/v2\/product_brand?post=11423"},{"taxonomy":"product_cat","embeddable":true,"href":"https:\/\/www.fattorialeterrazze.it\/de\/wp-json\/wp\/v2\/product_cat?post=11423"},{"taxonomy":"product_tag","embeddable":true,"href":"https:\/\/www.fattorialeterrazze.it\/de\/wp-json\/wp\/v2\/product_tag?post=11423"}],"curies":[{"name":"wp","href":"https:\/\/api.w.org\/{rel}","templated":true}]}}